{"id":239,"date":"2024-03-15T09:45:08","date_gmt":"2024-03-15T08:45:08","guid":{"rendered":"https:\/\/domainedelo-cotentin.com\/mentions-legales\/"},"modified":"2024-03-15T09:45:08","modified_gmt":"2024-03-15T08:45:08","slug":"mentions-legales","status":"publish","type":"page","link":"https:\/\/domainedelo-cotentin.com\/en\/mentions-legales\/","title":{"rendered":"Mentions L\u00e9gales"},"content":{"rendered":"<p>\nLe site https:\/\/domainedelo-cotentin.com (ci-apr\u00e8s le \u201cSite\u201d) est \u00e9dit\u00e9 par la soci\u00e9t\u00e9 SAS LOBERCAIL, dont le si\u00e8ge social est situ\u00e9 3 RUE LE PONT LE HOT 50760 GATTEVILLE-LE-PHARE.<\/p>\n<p>Code APE : 5610A<br \/>\nMontant du capital social : 675000 \u20ac<br \/>\nSIRET : 91284269700019<br \/>\nSIREN : 912842697<br \/>\nN\u00b0 TVA Intracommunautaire : FR47912842697<br \/>\nNum\u00e9ro de t\u00e9l\u00e9phone : <br \/>\nEmail : contact@domainedelo-cotentin.com<br \/>\nDirecteur de la publication : Jean-Michel LEFEVRE\n<\/p>\n<h2>Contact<\/h2>\n<p>Le Centre Relation Clients de https:\/\/domainedelo-cotentin.com est joignable :<\/p>\n<ul>\n<li>Par internet : via le lien Contact sur le site https:\/\/domainedelo-cotentin.com<\/li>\n<li>Par t\u00e9l\u00e9phone au  (N\u00b0 Cristal, prix d&#8217;un appel local depuis un t\u00e9l\u00e9phone fixe)<\/li>\n<li>Par voie postale : SAS LOBERCAIL \u2013 Service Relation Clients &#8211; 3 RUE LE PONT LE HOT<\/li>\n<\/ul>\n<h2>H\u00e9bergeur<\/h2>\n<p>\nSAS OVH \u2013 https:\/\/www.ovh.com<br \/>\n2 rue Kellermann<br \/>\nBP 80157<br \/>\n59100 Roubaix<\/p>\n<h2>Protection des donn\u00e9es personnelles<\/h2>\n<p>\nPour consulter notre charte de protection de donn\u00e9es personnelles, <a href=\"#\">cliquez ici<\/a>.<br \/>\nPour consulter la politique Cookies de SAS LOBERCAIL, <a href=\"#cookies\">cliquez ici<\/a>.\n<\/p>\n<h2>Propri\u00e9t\u00e9 Intellectuelle<\/h2>\n<p>\nLe site b\u00e9n\u00e9ficie de protections au titre de la propri\u00e9t\u00e9 intellectuelle, incluant les droits d&#8217;auteur, les dessins et mod\u00e8les, les marques, les noms de domaine, les brevets, le savoir-faire, les logiciels ou les bases de donn\u00e9es. La soci\u00e9t\u00e9 SAS LOBERCAIL et\/ou ses partenaires demeurent les propri\u00e9taires de l&#8217;ensemble de ces contenus et des droits qui y sont associ\u00e9s. Toutefois, la soci\u00e9t\u00e9 SAS LOBERCAIL vous accorde une licence limit\u00e9e, non-exclusive, r\u00e9vocable, sans possibilit\u00e9 de sous-licencier, pour les seules op\u00e9rations d&#8217;acc\u00e8s, de navigation et d&#8217;utilisation en relation avec ce site. Cette licence ne conf\u00e8re aucun autre droit, notamment celui d&#8217;exploiter commercialement ces contenus.\n<\/p>\n<h2>Utilisation du site<\/h2>\n<p>\n    L&#8217;utilisation du Site par l&#8217;Internaute doit se faire en conformit\u00e9 avec les Conditions G\u00e9n\u00e9rales d&#8217;Utilisation du Site accessibles en <a href=\"https:\/\/domainedelo-cotentin.com\/resultat-recherche\/\">cliquant ici<\/a>.\n    <\/p>\n","protected":false},"excerpt":{"rendered":"<p>Le site https:\/\/domainedelo-cotentin.com (ci-apr\u00e8s le \u201cSite\u201d) est \u00e9dit\u00e9 par la soci\u00e9t\u00e9 SAS LOBERCAIL, dont le si\u00e8ge social est situ\u00e9 3 RUE LE PONT LE HOT 50760 GATTEVILLE-LE-PHARE. Code APE : 5610A Montant du capital social : 675000 \u20ac SIRET : 91284269700019 SIREN : 912842697 N\u00b0 TVA Intracommunautaire : FR47912842697 Num\u00e9ro de t\u00e9l\u00e9phone : Email : [&hellip;]<\/p>\n","protected":false},"author":1,"featured_media":0,"parent":0,"menu_order":0,"comment_status":"closed","ping_status":"closed","template":"","meta":{"_acf_changed":false,"inline_featured_image":false,"footnotes":""},"class_list":["post-239","page","type-page","status-publish","hentry"],"acf":[],"yoast_head":"<!-- This site is optimized with the Yoast SEO plugin v24.1 - https:\/\/yoast.com\/wordpress\/plugins\/seo\/ -->\n<title>Mentions L\u00e9gales - Domaine de l&#039;O<\/title>\n<meta name=\"robots\" content=\"index, follow, max-snippet:-1, max-image-preview:large, max-video-preview:-1\" \/>\n<link rel=\"canonical\" href=\"https:\/\/domainedelo-cotentin.com\/mentions-legales\/\" \/>\n<meta property=\"og:locale\" content=\"en_US\" \/>\n<meta property=\"og:type\" content=\"article\" \/>\n<meta property=\"og:title\" content=\"Mentions L\u00e9gales - Domaine de l&#039;O\" \/>\n<meta property=\"og:description\" content=\"Le site https:\/\/domainedelo-cotentin.com (ci-apr\u00e8s le \u201cSite\u201d) est \u00e9dit\u00e9 par la soci\u00e9t\u00e9 SAS LOBERCAIL, dont le si\u00e8ge social est situ\u00e9 3 RUE LE PONT LE HOT 50760 GATTEVILLE-LE-PHARE. Code APE : 5610A Montant du capital social : 675000 \u20ac SIRET : 91284269700019 SIREN : 912842697 N\u00b0 TVA Intracommunautaire : FR47912842697 Num\u00e9ro de t\u00e9l\u00e9phone : Email : [&hellip;]\" \/>\n<meta property=\"og:url\" content=\"https:\/\/domainedelo-cotentin.com\/mentions-legales\/\" \/>\n<meta property=\"og:site_name\" content=\"Domaine de l&#039;O\" \/>\n<meta name=\"twitter:card\" content=\"summary_large_image\" \/>\n<meta name=\"twitter:label1\" content=\"Est. reading time\" \/>\n\t<meta name=\"twitter:data1\" content=\"1 minute\" \/>\n<script type=\"application\/ld+json\" class=\"yoast-schema-graph\">{\"@context\":\"https:\/\/schema.org\",\"@graph\":[{\"@type\":\"WebPage\",\"@id\":\"https:\/\/domainedelo-cotentin.com\/mentions-legales\/\",\"url\":\"https:\/\/domainedelo-cotentin.com\/mentions-legales\/\",\"name\":\"Mentions L\u00e9gales - Domaine de l&#039;O\",\"isPartOf\":{\"@id\":\"https:\/\/domainedelo-cotentin.com\/#website\"},\"datePublished\":\"2024-03-15T08:45:08+00:00\",\"dateModified\":\"2024-03-15T08:45:08+00:00\",\"breadcrumb\":{\"@id\":\"https:\/\/domainedelo-cotentin.com\/mentions-legales\/#breadcrumb\"},\"inLanguage\":\"en-US\",\"potentialAction\":[{\"@type\":\"ReadAction\",\"target\":[\"https:\/\/domainedelo-cotentin.com\/mentions-legales\/\"]}]},{\"@type\":\"BreadcrumbList\",\"@id\":\"https:\/\/domainedelo-cotentin.com\/mentions-legales\/#breadcrumb\",\"itemListElement\":[{\"@type\":\"ListItem\",\"position\":1,\"name\":\"Accueil\",\"item\":\"https:\/\/domainedelo-cotentin.com\/\"},{\"@type\":\"ListItem\",\"position\":2,\"name\":\"Mentions L\u00e9gales\"}]},{\"@type\":\"WebSite\",\"@id\":\"https:\/\/domainedelo-cotentin.com\/#website\",\"url\":\"https:\/\/domainedelo-cotentin.com\/\",\"name\":\"Domaine de l'O\",\"description\":\"\",\"publisher\":{\"@id\":\"https:\/\/domainedelo-cotentin.com\/#organization\"},\"potentialAction\":[{\"@type\":\"SearchAction\",\"target\":{\"@type\":\"EntryPoint\",\"urlTemplate\":\"https:\/\/domainedelo-cotentin.com\/?s={search_term_string}\"},\"query-input\":{\"@type\":\"PropertyValueSpecification\",\"valueRequired\":true,\"valueName\":\"search_term_string\"}}],\"inLanguage\":\"en-US\"},{\"@type\":\"Organization\",\"@id\":\"https:\/\/domainedelo-cotentin.com\/#organization\",\"name\":\"Domaine de l'O\",\"url\":\"https:\/\/domainedelo-cotentin.com\/\",\"logo\":{\"@type\":\"ImageObject\",\"inLanguage\":\"en-US\",\"@id\":\"https:\/\/domainedelo-cotentin.com\/#\/schema\/logo\/image\/\",\"url\":\"https:\/\/domainedelo-cotentin.com\/wp-content\/uploads\/2023\/03\/326899802_180583537944165_4696092515352404307_n-removebg-preview.png\",\"contentUrl\":\"https:\/\/domainedelo-cotentin.com\/wp-content\/uploads\/2023\/03\/326899802_180583537944165_4696092515352404307_n-removebg-preview.png\",\"width\":667,\"height\":374,\"caption\":\"Domaine de l'O\"},\"image\":{\"@id\":\"https:\/\/domainedelo-cotentin.com\/#\/schema\/logo\/image\/\"},\"sameAs\":[\"https:\/\/www.instagram.com\/domaine_de_l_o\/\",\"https:\/\/www.linkedin.com\/in\/lefevre-jean-michel-a066596b?lipi=urnlipaged_flagship3_profile_view_baseMhAtXtyuSWG4CpM2gZiOug\",\"https:\/\/www.linkedin.com\/in\/mlanie-marchand-816a71108?utm_source=share&utm_campaign=share_via&utm_content=profile&utm_medium=ios_app\"]}]}<\/script>\n<!-- \/ Yoast SEO plugin. -->","yoast_head_json":{"title":"Mentions L\u00e9gales - Domaine de l&#039;O","robots":{"index":"index","follow":"follow","max-snippet":"max-snippet:-1","max-image-preview":"max-image-preview:large","max-video-preview":"max-video-preview:-1"},"canonical":"https:\/\/domainedelo-cotentin.com\/mentions-legales\/","og_locale":"en_US","og_type":"article","og_title":"Mentions L\u00e9gales - Domaine de l&#039;O","og_description":"Le site https:\/\/domainedelo-cotentin.com (ci-apr\u00e8s le \u201cSite\u201d) est \u00e9dit\u00e9 par la soci\u00e9t\u00e9 SAS LOBERCAIL, dont le si\u00e8ge social est situ\u00e9 3 RUE LE PONT LE HOT 50760 GATTEVILLE-LE-PHARE. Code APE : 5610A Montant du capital social : 675000 \u20ac SIRET : 91284269700019 SIREN : 912842697 N\u00b0 TVA Intracommunautaire : FR47912842697 Num\u00e9ro de t\u00e9l\u00e9phone : Email : [&hellip;]","og_url":"https:\/\/domainedelo-cotentin.com\/mentions-legales\/","og_site_name":"Domaine de l&#039;O","twitter_card":"summary_large_image","twitter_misc":{"Est. reading time":"1 minute"},"schema":{"@context":"https:\/\/schema.org","@graph":[{"@type":"WebPage","@id":"https:\/\/domainedelo-cotentin.com\/mentions-legales\/","url":"https:\/\/domainedelo-cotentin.com\/mentions-legales\/","name":"Mentions L\u00e9gales - Domaine de l&#039;O","isPartOf":{"@id":"https:\/\/domainedelo-cotentin.com\/#website"},"datePublished":"2024-03-15T08:45:08+00:00","dateModified":"2024-03-15T08:45:08+00:00","breadcrumb":{"@id":"https:\/\/domainedelo-cotentin.com\/mentions-legales\/#breadcrumb"},"inLanguage":"en-US","potentialAction":[{"@type":"ReadAction","target":["https:\/\/domainedelo-cotentin.com\/mentions-legales\/"]}]},{"@type":"BreadcrumbList","@id":"https:\/\/domainedelo-cotentin.com\/mentions-legales\/#breadcrumb","itemListElement":[{"@type":"ListItem","position":1,"name":"Accueil","item":"https:\/\/domainedelo-cotentin.com\/"},{"@type":"ListItem","position":2,"name":"Mentions L\u00e9gales"}]},{"@type":"WebSite","@id":"https:\/\/domainedelo-cotentin.com\/#website","url":"https:\/\/domainedelo-cotentin.com\/","name":"Domaine de l'O","description":"","publisher":{"@id":"https:\/\/domainedelo-cotentin.com\/#organization"},"potentialAction":[{"@type":"SearchAction","target":{"@type":"EntryPoint","urlTemplate":"https:\/\/domainedelo-cotentin.com\/?s={search_term_string}"},"query-input":{"@type":"PropertyValueSpecification","valueRequired":true,"valueName":"search_term_string"}}],"inLanguage":"en-US"},{"@type":"Organization","@id":"https:\/\/domainedelo-cotentin.com\/#organization","name":"Domaine de l'O","url":"https:\/\/domainedelo-cotentin.com\/","logo":{"@type":"ImageObject","inLanguage":"en-US","@id":"https:\/\/domainedelo-cotentin.com\/#\/schema\/logo\/image\/","url":"https:\/\/domainedelo-cotentin.com\/wp-content\/uploads\/2023\/03\/326899802_180583537944165_4696092515352404307_n-removebg-preview.png","contentUrl":"https:\/\/domainedelo-cotentin.com\/wp-content\/uploads\/2023\/03\/326899802_180583537944165_4696092515352404307_n-removebg-preview.png","width":667,"height":374,"caption":"Domaine de l'O"},"image":{"@id":"https:\/\/domainedelo-cotentin.com\/#\/schema\/logo\/image\/"},"sameAs":["https:\/\/www.instagram.com\/domaine_de_l_o\/","https:\/\/www.linkedin.com\/in\/lefevre-jean-michel-a066596b?lipi=urnlipaged_flagship3_profile_view_baseMhAtXtyuSWG4CpM2gZiOug","https:\/\/www.linkedin.com\/in\/mlanie-marchand-816a71108?utm_source=share&utm_campaign=share_via&utm_content=profile&utm_medium=ios_app"]}]}},"_links":{"self":[{"href":"https:\/\/domainedelo-cotentin.com\/en\/wp-json\/wp\/v2\/pages\/239","targetHints":{"allow":["GET"]}}],"collection":[{"href":"https:\/\/domainedelo-cotentin.com\/en\/wp-json\/wp\/v2\/pages"}],"about":[{"href":"https:\/\/domainedelo-cotentin.com\/en\/wp-json\/wp\/v2\/types\/page"}],"author":[{"embeddable":true,"href":"https:\/\/domainedelo-cotentin.com\/en\/wp-json\/wp\/v2\/users\/1"}],"replies":[{"embeddable":true,"href":"https:\/\/domainedelo-cotentin.com\/en\/wp-json\/wp\/v2\/comments?post=239"}],"version-history":[{"count":0,"href":"https:\/\/domainedelo-cotentin.com\/en\/wp-json\/wp\/v2\/pages\/239\/revisions"}],"wp:attachment":[{"href":"https:\/\/domainedelo-cotentin.com\/en\/wp-json\/wp\/v2\/media?parent=239"}],"curies":[{"name":"wp","href":"https:\/\/api.w.org\/{rel}","templated":true}]}}